{"id":1829,"date":"2019-02-05T07:05:06","date_gmt":"2019-02-05T07:05:06","guid":{"rendered":"https:\/\/eupepperland.eu\/?page_id=1829"},"modified":"2024-11-02T14:54:56","modified_gmt":"2024-11-02T14:54:56","slug":"ueber","status":"publish","type":"page","link":"https:\/\/eupepperland.eu\/de\/ueber\/","title":{"rendered":"\u00dcber"},"content":{"rendered":"<div class=\"wpb-content-wrapper\">[vc_row full_width=&#8221;container-null&#8221; el_class=&#8221;fl-ju-end&#8221;][vc_column agro_disable_column=&#8221;yes&#8221; offset=&#8221;vc_col-lg-12 vc_col-md-12 vc_col-xs-12&#8243;]<div id=\"hero\" class=\"nt-shortcode-hero jarallax section_69f5c99387ddf vc_custom_1730559265231 \" data-speed=\"0.7\" data-img-position=\"50% 80%\" data-res-css=\"          \"><div class=\"container\"><div class=\"row\"><div class=\"col-12 col-lg-7\"><h1 class=\"__title\"><span>\u00dcBER<\/span> SYNERGASIA V. EVVOIAS<\/h1><div class=\"shortcode-page-breadcrumbs breadcrumb\"><div class=\"nt-breadcrumbs\"><ul class=\"nt-breadcrumbs-list\"><li class=\"bitem\"><span><a class=\"breadcrumbs__link\" href=\"https:\/\/eupepperland.eu\/de\/\"><span>Home<\/span><\/a><\/span><\/li><\/ul><\/div><\/div><\/div><\/div><\/div><\/div>[\/vc_column][\/vc_row][vc_row full_width=&#8221;container-null&#8221;][vc_column agro_disable_column=&#8221;yes&#8221; css=&#8221;.vc_custom_1728896700612{margin-top: 2.5vw !important;margin-bottom: 5vw !important;border-bottom-width: 0px !important;padding-top: 1.5vw !important;}&#8221;]<div class=\"section section--no-pb about--1 md-hide-bg item_69f5c99388971 vc_custom_1730559291633\" data-res-css=\"              \"><div class=\"container\"><div class=\"section-heading\"><h2 class=\"__title\">\u00dcBER <span>SYNERGASIA V. EVVOIAS<\/span><\/h2><\/div><div class=\"row\"><div class=\"col-12 col-lg-6 col-xl-8\">Der Produzent SYNERGASIA V. EUB\u00d6A, ein wichtiger Akteur bei der F\u00f6rderung und Weiterentwicklung des Agrarsektors, insbesondere dem von Paprika, in Eub\u00f6a Griechenland, arbeitet nach den Grunds\u00e4tzen von Demokratie, Gleichheit und Solidarit\u00e4t. Diese kooperativen Bem\u00fchungen ihrer 80 Mitglieder gew\u00e4hrleisten Transparenz, Ehrlichkeit und soziale Verantwortung in ihren landwirtschaftlichen Praktiken. SYNERGASIA V. EUB\u00d6A hat seinen Hauptsitz in Strofilia, Eub\u00f6a, und betreibt privat gef\u00fchrte Anlagen mit einer Fl\u00e4che von 2.800 Quadratmetern auf einem 23 Hektar gro\u00dfen Grundst\u00fcck.<\/p>\n<p>SYNERGASIA V. EUB\u00d6A h\u00e4lt sich an die Vorschriften und Nachhaltigkeitsziele der Europ\u00e4ischen Union und ist bestrebt, Paprika zu produzieren, die strenge Qualit\u00e4ts- und Sicherheitsnormen erf\u00fcllen.<\/div><\/div><\/div><\/div>[\/vc_column][\/vc_row][vc_row full_width=&#8221;stretch_row_content_no_spaces&#8221;][vc_column][vc_single_image image=&#8221;2156&#8243; img_size=&#8221;full&#8221; css=&#8221;&#8221;][\/vc_column][\/vc_row]\n<\/div>","protected":false},"excerpt":{"rendered":"<p>[vc_row full_width=&#8221;container-null&#8221; el_class=&#8221;fl-ju-end&#8221;][vc_column agro_disable_column=&#8221;yes&#8221; offset=&#8221;vc_col-lg-12 vc_col-md-12 vc_col-xs-12&#8243;][\/vc_column][\/vc_row][vc_row full_width=&#8221;container-null&#8221;][vc_column agro_disable_column=&#8221;yes&#8221; css=&#8221;.vc_custom_1728896700612{margin-top: 2.5vw !important;margin-bottom: 5vw !important;border-bottom-width: 0px !important;padding-top: 1.5vw !important;}&#8221;][\/vc_column][\/vc_row][vc_row full_width=&#8221;stretch_row_content_no_spaces&#8221;][vc_column][vc_single_image image=&#8221;2156&#8243; img_size=&#8221;full&#8221; css=&#8221;&#8221;][\/vc_column][\/vc_row]<\/p>\n","protected":false},"author":1,"featured_media":0,"parent":0,"menu_order":0,"comment_status":"closed","ping_status":"closed","template":"custom-page.php","meta":{"footnotes":""},"class_list":["post-1829","page","type-page","status-publish","hentry"," nt-post-class"],"_links":{"self":[{"href":"https:\/\/eupepperland.eu\/de\/wp-json\/wp\/v2\/pages\/1829","targetHints":{"allow":["GET"]}}],"collection":[{"href":"https:\/\/eupepperland.eu\/de\/wp-json\/wp\/v2\/pages"}],"about":[{"href":"https:\/\/eupepperland.eu\/de\/wp-json\/wp\/v2\/types\/page"}],"author":[{"embeddable":true,"href":"https:\/\/eupepperland.eu\/de\/wp-json\/wp\/v2\/users\/1"}],"replies":[{"embeddable":true,"href":"https:\/\/eupepperland.eu\/de\/wp-json\/wp\/v2\/comments?post=1829"}],"version-history":[{"count":1,"href":"https:\/\/eupepperland.eu\/de\/wp-json\/wp\/v2\/pages\/1829\/revisions"}],"predecessor-version":[{"id":1830,"href":"https:\/\/eupepperland.eu\/de\/wp-json\/wp\/v2\/pages\/1829\/revisions\/1830"}],"wp:attachment":[{"href":"https:\/\/eupepperland.eu\/de\/wp-json\/wp\/v2\/media?parent=1829"}],"curies":[{"name":"wp","href":"https:\/\/api.w.org\/{rel}","templated":true}]}}