{"id":1795,"date":"2019-02-05T07:05:06","date_gmt":"2019-02-05T07:05:06","guid":{"rendered":"https:\/\/eupepperland.eu\/?page_id=1795"},"modified":"2024-11-02T13:26:54","modified_gmt":"2024-11-02T13:26:54","slug":"a-propos","status":"publish","type":"page","link":"https:\/\/eupepperland.eu\/fr\/a-propos\/","title":{"rendered":"\u00c0 Propos"},"content":{"rendered":"<div class=\"wpb-content-wrapper\">[vc_row full_width=&#8221;container-null&#8221; el_class=&#8221;fl-ju-end&#8221;][vc_column agro_disable_column=&#8221;yes&#8221; offset=&#8221;vc_col-lg-12 vc_col-md-12 vc_col-xs-12&#8243;]<div id=\"hero\" class=\"nt-shortcode-hero jarallax section_69f2c31a5c1c1 vc_custom_1728736132528 \" data-speed=\"0.7\" data-img-position=\"50% 80%\" data-res-css=\"          \"><div class=\"container\"><div class=\"row\"><div class=\"col-12 col-lg-7\"><h1 class=\"__title\"><span>ABOUT<\/span> SYNERGASIA V. EVVOIAS<\/h1><div class=\"shortcode-page-breadcrumbs breadcrumb\"><div class=\"nt-breadcrumbs\"><ul class=\"nt-breadcrumbs-list\"><li class=\"bitem\"><span><a class=\"breadcrumbs__link\" href=\"https:\/\/eupepperland.eu\/fr\/\"><span>Home<\/span><\/a><\/span><\/li><\/ul><\/div><\/div><\/div><\/div><\/div><\/div>[\/vc_column][\/vc_row][vc_row full_width=&#8221;container-null&#8221;][vc_column agro_disable_column=&#8221;yes&#8221; css=&#8221;.vc_custom_1728896700612{margin-top: 2.5vw !important;margin-bottom: 5vw !important;border-bottom-width: 0px !important;padding-top: 1.5vw !important;}&#8221;]<div class=\"section section--no-pb about--1 md-hide-bg item_69f2c31a5cccb vc_custom_1730553973166\" data-res-css=\"              \"><div class=\"container\"><div class=\"section-heading\"><h2 class=\"__title\">\u00c0 PROPOS <span>SYNERGASIA V. EVVOIAS<\/span><\/h2><\/div><div class=\"row\"><div class=\"col-12 col-lg-6 col-xl-8\">L\u2019organisation de producteurs SYNERGASIA V. EVVOIAS, acteur cl\u00e9 dans la promotion et l\u2019avancement du secteur agricole, et notamment des poivrons dans l\u2019\u00eele d\u2019Eub\u00e9e, en Gr\u00e8ce, met en avant les principes de d\u00e9mocratie, d\u2019\u00e9galit\u00e9 et de solidarit\u00e9 dans toutes ses op\u00e9rations. Cet effort coop\u00e9ratif entre ses 80\u00a0membres garantit la transparence, l\u2019honn\u00eatet\u00e9 et la responsabilit\u00e9 sociale de leurs pratiques agricoles. Bas\u00e9e \u00e0 Strofilia, sur l\u2019\u00eele d\u2019Eub\u00e9e, SYNERGASIA V. EVVOIAS dispose d\u2019installations priv\u00e9es de 2\u00a0800\u00a0m\u00e8tres carr\u00e9s sur un terrain de 23\u00a0acres.<\/p>\n<p>Conform\u00e9ment aux r\u00e9glementations de l\u2019Union europ\u00e9enne et aux objectifs de durabilit\u00e9, SYNERGASIA V. EVVOIAS s\u2019engage \u00e0 produire des poivrons r\u00e9pondant aux normes strictes de qualit\u00e9 et de s\u00e9curit\u00e9.<\/div><\/div><\/div><\/div>[\/vc_column][\/vc_row][vc_row full_width=&#8221;stretch_row_content_no_spaces&#8221;][vc_column][vc_single_image image=&#8221;2156&#8243; img_size=&#8221;full&#8221; css=&#8221;&#8221;][\/vc_column][\/vc_row]\n<\/div>","protected":false},"excerpt":{"rendered":"<p>[vc_row full_width=&#8221;container-null&#8221; el_class=&#8221;fl-ju-end&#8221;][vc_column agro_disable_column=&#8221;yes&#8221; offset=&#8221;vc_col-lg-12 vc_col-md-12 vc_col-xs-12&#8243;][\/vc_column][\/vc_row][vc_row full_width=&#8221;container-null&#8221;][vc_column agro_disable_column=&#8221;yes&#8221; css=&#8221;.vc_custom_1728896700612{margin-top: 2.5vw !important;margin-bottom: 5vw !important;border-bottom-width: 0px !important;padding-top: 1.5vw !important;}&#8221;][\/vc_column][\/vc_row][vc_row full_width=&#8221;stretch_row_content_no_spaces&#8221;][vc_column][vc_single_image image=&#8221;2156&#8243; img_size=&#8221;full&#8221; css=&#8221;&#8221;][\/vc_column][\/vc_row]<\/p>\n","protected":false},"author":1,"featured_media":0,"parent":0,"menu_order":0,"comment_status":"closed","ping_status":"closed","template":"custom-page.php","meta":{"footnotes":""},"class_list":["post-1795","page","type-page","status-publish","hentry"," nt-post-class"],"_links":{"self":[{"href":"https:\/\/eupepperland.eu\/fr\/wp-json\/wp\/v2\/pages\/1795","targetHints":{"allow":["GET"]}}],"collection":[{"href":"https:\/\/eupepperland.eu\/fr\/wp-json\/wp\/v2\/pages"}],"about":[{"href":"https:\/\/eupepperland.eu\/fr\/wp-json\/wp\/v2\/types\/page"}],"author":[{"embeddable":true,"href":"https:\/\/eupepperland.eu\/fr\/wp-json\/wp\/v2\/users\/1"}],"replies":[{"embeddable":true,"href":"https:\/\/eupepperland.eu\/fr\/wp-json\/wp\/v2\/comments?post=1795"}],"version-history":[{"count":2,"href":"https:\/\/eupepperland.eu\/fr\/wp-json\/wp\/v2\/pages\/1795\/revisions"}],"predecessor-version":[{"id":1797,"href":"https:\/\/eupepperland.eu\/fr\/wp-json\/wp\/v2\/pages\/1795\/revisions\/1797"}],"wp:attachment":[{"href":"https:\/\/eupepperland.eu\/fr\/wp-json\/wp\/v2\/media?parent=1795"}],"curies":[{"name":"wp","href":"https:\/\/api.w.org\/{rel}","templated":true}]}}