{"id":1800,"date":"2024-10-12T10:22:14","date_gmt":"2024-10-12T10:22:14","guid":{"rendered":"https:\/\/eupepperland.eu\/?page_id=1800"},"modified":"2024-11-02T13:34:14","modified_gmt":"2024-11-02T13:34:14","slug":"eu-politique","status":"publish","type":"page","link":"https:\/\/eupepperland.eu\/fr\/eu-politique\/","title":{"rendered":"EU Politique"},"content":{"rendered":"<div class=\"wpb-content-wrapper\">[vc_row full_width=&#8221;container-null&#8221; el_class=&#8221;fl-ju-end&#8221;][vc_column agro_disable_column=&#8221;yes&#8221; offset=&#8221;vc_col-lg-12 vc_col-md-12 vc_col-xs-12&#8243;]<div id=\"hero\" class=\"nt-shortcode-hero jarallax section_69f2d27e81c65 vc_custom_1730554375885 \" data-speed=\"0.7\" data-img-position=\"50% 80%\" data-res-css=\"          \"><div class=\"container\"><div class=\"row\"><div class=\"col-12 col-lg-7\"><h1 class=\"__title\"><span>EUROPE POLITIQUE<\/span> S\u00e9curit\u00e9 et qualit\u00e9<\/h1><div class=\"shortcode-page-breadcrumbs breadcrumb\"><div class=\"nt-breadcrumbs\"><ul class=\"nt-breadcrumbs-list\"><li class=\"bitem\"><span><a class=\"breadcrumbs__link\" href=\"https:\/\/eupepperland.eu\/fr\/\"><span>Home<\/span><\/a><\/span><\/li><\/ul><\/div><\/div><\/div><\/div><\/div><\/div>[\/vc_column][\/vc_row][vc_row full_width=&#8221;container&#8221;][vc_column agro_disable_column=&#8221;yes&#8221;]<div class=\"section section--no-pb about--1 md-hide-bg item_69f2d27e8288a vc_custom_1730554448928\" data-res-css=\"              \"><div class=\"container\"><div class=\"section-heading\"><h2 class=\"__title\">Europe: <span>S\u00e9curit\u00e9 et qualit\u00e9<\/span><\/h2><\/div><div class=\"row\"><div class=\"col-12 col-lg-6 col-xl-8\">\u2019Union europ\u00e9enne s\u2019engage \u00e0 garantir un niveau \u00e9lev\u00e9 de s\u00e9curit\u00e9 alimentaire, veillant ainsi \u00e0 la sant\u00e9 des consommateurs. Cela passe par des mesures de contr\u00f4le strictes et la protection des produits agricoles, depuis leur production jusqu\u2019\u00e0 leur consommation. Pour mettre en \u0153uvre cette politique, l\u2019Union europ\u00e9enne applique les mesures suivantes\u00a0:<\/p>\n<ul>\n<li>Syst\u00e8mes de contr\u00f4le pour garantir le respect des normes europ\u00e9ennes en mati\u00e8re de s\u00e9curit\u00e9 et de qualit\u00e9 des aliments.<\/li>\n<li>Relations internationales avec les pays tiers en mati\u00e8re de s\u00e9curit\u00e9 alimentaire, de sant\u00e9 animale, et v\u00e9g\u00e9tale et de bien-\u00eatre animal.<\/li>\n<li>Gestion des relations avec l\u2019EFSA (Autorit\u00e9 europ\u00e9enne de s\u00e9curit\u00e9 des aliments) pour l\u2019\u00e9valuation scientifique des risques.<\/li>\n<\/ul>\n<p>Les sp\u00e9cifications pour la commercialisation des poivrons sur le territoire europ\u00e9en concernent leur int\u00e9grit\u00e9, leur fra\u00eecheur, l\u2019absence de substances \u00e9trang\u00e8res, l\u2019absence de dommages dus aux chocs, \u00e0 la temp\u00e9rature ou \u00e0 l\u2019humidit\u00e9, ainsi que l\u2019absence d\u2019odeurs d\u00e9sagr\u00e9ables ou d\u2019alt\u00e9rations de couleur.<\/div><\/div><\/div><\/div>[vc_empty_space height=&#8221;5vw&#8221;][\/vc_column][\/vc_row][vc_row full_width=&#8221;stretch_row_content_no_spaces&#8221;][vc_column][vc_single_image image=&#8221;2156&#8243; img_size=&#8221;full&#8221; css=&#8221;&#8221;][\/vc_column][\/vc_row]\n<\/div>","protected":false},"excerpt":{"rendered":"<p>[vc_row full_width=&#8221;container-null&#8221; el_class=&#8221;fl-ju-end&#8221;][vc_column agro_disable_column=&#8221;yes&#8221; offset=&#8221;vc_col-lg-12 vc_col-md-12 vc_col-xs-12&#8243;][\/vc_column][\/vc_row][vc_row full_width=&#8221;container&#8221;][vc_column agro_disable_column=&#8221;yes&#8221;][vc_empty_space height=&#8221;5vw&#8221;][\/vc_column][\/vc_row][vc_row full_width=&#8221;stretch_row_content_no_spaces&#8221;][vc_column][vc_single_image image=&#8221;2156&#8243; img_size=&#8221;full&#8221; css=&#8221;&#8221;][\/vc_column][\/vc_row]<\/p>\n","protected":false},"author":1,"featured_media":0,"parent":0,"menu_order":0,"comment_status":"closed","ping_status":"closed","template":"custom-page.php","meta":{"footnotes":""},"class_list":["post-1800","page","type-page","status-publish","hentry"," nt-post-class"],"_links":{"self":[{"href":"https:\/\/eupepperland.eu\/fr\/wp-json\/wp\/v2\/pages\/1800","targetHints":{"allow":["GET"]}}],"collection":[{"href":"https:\/\/eupepperland.eu\/fr\/wp-json\/wp\/v2\/pages"}],"about":[{"href":"https:\/\/eupepperland.eu\/fr\/wp-json\/wp\/v2\/types\/page"}],"author":[{"embeddable":true,"href":"https:\/\/eupepperland.eu\/fr\/wp-json\/wp\/v2\/users\/1"}],"replies":[{"embeddable":true,"href":"https:\/\/eupepperland.eu\/fr\/wp-json\/wp\/v2\/comments?post=1800"}],"version-history":[{"count":3,"href":"https:\/\/eupepperland.eu\/fr\/wp-json\/wp\/v2\/pages\/1800\/revisions"}],"predecessor-version":[{"id":1803,"href":"https:\/\/eupepperland.eu\/fr\/wp-json\/wp\/v2\/pages\/1800\/revisions\/1803"}],"wp:attachment":[{"href":"https:\/\/eupepperland.eu\/fr\/wp-json\/wp\/v2\/media?parent=1800"}],"curies":[{"name":"wp","href":"https:\/\/api.w.org\/{rel}","templated":true}]}}