{"id":1806,"date":"2019-02-05T11:26:48","date_gmt":"2019-02-05T11:26:48","guid":{"rendered":"https:\/\/eupepperland.eu\/?page_id=1806"},"modified":"2026-01-27T17:55:30","modified_gmt":"2026-01-27T17:55:30","slug":"product","status":"publish","type":"page","link":"https:\/\/eupepperland.eu\/fr\/product\/","title":{"rendered":"Produit"},"content":{"rendered":"<div class=\"wpb-content-wrapper\">[vc_row full_width=&#8221;container-null&#8221; el_class=&#8221;fl-ju-end&#8221;][vc_column agro_disable_column=&#8221;yes&#8221; offset=&#8221;vc_col-lg-12 vc_col-md-12 vc_col-xs-12&#8243;]<div id=\"hero\" class=\"nt-shortcode-hero jarallax section_69f2cf8caae8d vc_custom_1730554653480 \" data-speed=\"0.7\" data-img-position=\"50% 80%\" data-res-css=\"          \"><div class=\"container\"><div class=\"row\"><div class=\"col-12 col-lg-7\"><h1 class=\"__title\"><span>Produit<\/span> Poivre<\/h1><div class=\"shortcode-page-breadcrumbs breadcrumb\"><div class=\"nt-breadcrumbs\"><ul class=\"nt-breadcrumbs-list\"><li class=\"bitem\"><span><a class=\"breadcrumbs__link\" href=\"https:\/\/eupepperland.eu\/fr\/\"><span>Home<\/span><\/a><\/span><\/li><\/ul><\/div><\/div><\/div><\/div><\/div><\/div>[\/vc_column][\/vc_row][vc_row full_width=&#8221;container-null&#8221;][vc_column agro_disable_column=&#8221;yes&#8221;][vc_empty_space height=&#8221;5vw&#8221;]<div class=\"section section--no-pt section_69f2cf8cac288\" data-res-css=\"         \"><div class=\"container-fluid\"><div class=\"products-list\"><div class=\"__item\"><div class=\"__bg\"><div data-jarallax-element=\"-140\" data-speed=\"0.4\"><img decoding=\"async\" src=\"https:\/\/eupepperland.eu\/wp-content\/uploads\/2019\/02\/review_bg_2.png\" class=\"img-fluid\" alt=\"review_bg_2.png\"><\/div><\/div><div class=\"__inner\"><div class=\"row align-items-lg-center justify-content-sm-center\"><div class=\"col-12 col-md-9 col-lg-6\"><div class=\"__image\"><img decoding=\"async\" src=\"https:\/\/eupepperland.eu\/wp-content\/uploads\/2026\/01\/shutterstock_490648654-scaled.jpg\" class=\"img-fluid\" alt=\"shutterstock_490648654-scaled.jpg\"><\/div><\/div><div class=\"col-12 my-3 d-lg-none\"><\/div><div class=\"col-12 col-md-9 col-lg-6\"><div class=\"__content\"><h3 class=\"__title\">L'HISTOIRE<\/h3><p>Le poivron est un l\u00e9gume originaire des r\u00e9gions d\u2019Am\u00e9rique latine o\u00f9 r\u00e8gnent les climats tropicaux et subtropicaux. Des preuves indiquent que sa culture a commenc\u00e9 dans certaines r\u00e9gions du P\u00e9rou et du Mexique vers\u00a05\u00a0000 av. J.-C.\u00a0. Cependant, apr\u00e8s la d\u00e9couverte des Am\u00e9riques, les poivrons ont \u00e9t\u00e9 largement connus et consomm\u00e9s dans de nombreuses r\u00e9gions du monde.<\/p><\/div><\/div><\/div><\/div><\/div><div class=\"__item\"><div class=\"__bg\"><div data-jarallax-element=\"-140\" data-speed=\"0.4\"><img decoding=\"async\" src=\"https:\/\/eupepperland.eu\/wp-content\/uploads\/2019\/02\/bg_4.png\" class=\"img-fluid\" alt=\"bg_4.png\"><\/div><\/div><div class=\"__inner\"><div class=\"row align-items-lg-center justify-content-sm-center\"><div class=\"col-12 col-md-9 col-lg-6\"><div class=\"__image\"><img decoding=\"async\" src=\"https:\/\/eupepperland.eu\/wp-content\/uploads\/2024\/10\/1-40.jpg\" class=\"img-fluid\" alt=\"1-40.jpg\"><\/div><\/div><div class=\"col-12 my-3 d-lg-none\"><\/div><div class=\"col-12 col-md-9 col-lg-6\"><div class=\"__content\"><h3 class=\"__title\">VARI\u00c9T\u00c9<\/h3><p>Les poivrons immatures sont fermes et verts, changeant progressivement de couleur pour passer au jaune, \u00e0 l\u2019orange et enfin \u00e0 un rouge intense \u00e0 mesure qu\u2019ils m\u00fbrissent. La couleur du poivron indique le stade auquel il a \u00e9t\u00e9 r\u00e9colt\u00e9.<\/p><\/div><\/div><\/div><\/div><\/div><div class=\"__item\"><div class=\"__bg\"><div data-jarallax-element=\"-140\" data-speed=\"0.4\"><img decoding=\"async\" src=\"https:\/\/eupepperland.eu\/wp-content\/uploads\/2019\/02\/bg_1.png\" class=\"img-fluid\" alt=\"bg_1.png\"><\/div><\/div><div class=\"__inner\"><div class=\"row align-items-lg-center justify-content-sm-center\"><div class=\"col-12 col-md-9 col-lg-6\"><div class=\"__image\"><img decoding=\"async\" src=\"https:\/\/eupepperland.eu\/wp-content\/uploads\/2026\/01\/shutterstock_2656475453-1-1-scaled.jpg\" class=\"img-fluid\" alt=\"shutterstock_2656475453-1-1-scaled.jpg\"><\/div><\/div><div class=\"col-12 my-3 d-lg-none\"><\/div><div class=\"col-12 col-md-9 col-lg-6\"><div class=\"__content\"><h3 class=\"__title\">LA R\u00c9COLTE<\/h3><p>La r\u00e9colte a g\u00e9n\u00e9ralement lieu de la mi-mai \u00e0 la fin de l\u2019automne\u00a0; cependant, gr\u00e2ce \u00e0 la culture sous serre \u00e0 grande \u00e9chelle, on les trouve toute l\u2019ann\u00e9e sur les march\u00e9s. Croquants et \u00e0 la saveur relativement neutre, les poivrons sont souvent consomm\u00e9s crus dans les salades et les sandwichs, mais peuvent \u00e9galement \u00eatre cuits de diverses mani\u00e8res et servir d\u2019accompagnement \u00e0 de nombreux plats.<\/p><\/div><\/div><\/div><\/div><\/div><\/div><\/div><\/div>[\/vc_column][\/vc_row][vc_row full_width=&#8221;stretch_row_content_no_spaces&#8221;][vc_column][vc_single_image image=&#8221;2157&#8243; img_size=&#8221;full&#8221; css=&#8221;&#8221;][\/vc_column][\/vc_row]\n<\/div>","protected":false},"excerpt":{"rendered":"<p>[vc_row full_width=&#8221;container-null&#8221; el_class=&#8221;fl-ju-end&#8221;][vc_column agro_disable_column=&#8221;yes&#8221; offset=&#8221;vc_col-lg-12 vc_col-md-12 vc_col-xs-12&#8243;][\/vc_column][\/vc_row][vc_row full_width=&#8221;container-null&#8221;][vc_column agro_disable_column=&#8221;yes&#8221;][vc_empty_space height=&#8221;5vw&#8221;][\/vc_column][\/vc_row][vc_row full_width=&#8221;stretch_row_content_no_spaces&#8221;][vc_column][vc_single_image image=&#8221;2157&#8243; img_size=&#8221;full&#8221; css=&#8221;&#8221;][\/vc_column][\/vc_row]<\/p>\n","protected":false},"author":1,"featured_media":0,"parent":0,"menu_order":0,"comment_status":"closed","ping_status":"closed","template":"custom-page.php","meta":{"footnotes":""},"class_list":["post-1806","page","type-page","status-publish","hentry"," nt-post-class"],"_links":{"self":[{"href":"https:\/\/eupepperland.eu\/fr\/wp-json\/wp\/v2\/pages\/1806","targetHints":{"allow":["GET"]}}],"collection":[{"href":"https:\/\/eupepperland.eu\/fr\/wp-json\/wp\/v2\/pages"}],"about":[{"href":"https:\/\/eupepperland.eu\/fr\/wp-json\/wp\/v2\/types\/page"}],"author":[{"embeddable":true,"href":"https:\/\/eupepperland.eu\/fr\/wp-json\/wp\/v2\/users\/1"}],"replies":[{"embeddable":true,"href":"https:\/\/eupepperland.eu\/fr\/wp-json\/wp\/v2\/comments?post=1806"}],"version-history":[{"count":4,"href":"https:\/\/eupepperland.eu\/fr\/wp-json\/wp\/v2\/pages\/1806\/revisions"}],"predecessor-version":[{"id":2210,"href":"https:\/\/eupepperland.eu\/fr\/wp-json\/wp\/v2\/pages\/1806\/revisions\/2210"}],"wp:attachment":[{"href":"https:\/\/eupepperland.eu\/fr\/wp-json\/wp\/v2\/media?parent=1806"}],"curies":[{"name":"wp","href":"https:\/\/api.w.org\/{rel}","templated":true}]}}