{"id":1811,"date":"2024-10-11T13:43:35","date_gmt":"2024-10-11T13:43:35","guid":{"rendered":"https:\/\/eupepperland.eu\/?page_id=1811"},"modified":"2024-11-02T13:51:02","modified_gmt":"2024-11-02T13:51:02","slug":"the-project","status":"publish","type":"page","link":"https:\/\/eupepperland.eu\/fr\/the-project\/","title":{"rendered":"Le Projet"},"content":{"rendered":"<div class=\"wpb-content-wrapper\">[vc_row full_width=&#8221;container-null&#8221; el_class=&#8221;fl-ju-end&#8221;][vc_column agro_disable_column=&#8221;yes&#8221; offset=&#8221;vc_col-lg-12 vc_col-md-12 vc_col-xs-12&#8243;]<div id=\"hero\" class=\"nt-shortcode-hero jarallax section_69f2d064da0fb vc_custom_1728732712652 \" data-speed=\"0.7\" data-img-position=\"50% 80%\" data-res-css=\"          \"><div class=\"container\"><div class=\"row\"><div class=\"col-12 col-lg-7\"><h1 class=\"__title\"><span>THE PROJECT<\/span> EU PEPPERLAND<\/h1><div class=\"shortcode-page-breadcrumbs breadcrumb\"><div class=\"nt-breadcrumbs\"><ul class=\"nt-breadcrumbs-list\"><li class=\"bitem\"><span><a class=\"breadcrumbs__link\" href=\"https:\/\/eupepperland.eu\/fr\/\"><span>Home<\/span><\/a><\/span><\/li><\/ul><\/div><\/div><\/div><\/div><\/div><\/div>[\/vc_column][\/vc_row][vc_row full_width=&#8221;container-null&#8221; css=&#8221;.vc_custom_1728727457496{padding-top: 50px !important;padding-bottom: 50px !important;}&#8221;][vc_column agro_disable_column=&#8221;yes&#8221; css=&#8221;.vc_custom_1728727814321{padding-top: 0px !important;padding-bottom: 0px !important;}&#8221;]<div class=\"section section--no-pt section_69f2d064db087\" data-res-css=\"  .section.section_69f2d064db087 .text {font-size:8rem;}\"><div class=\"container\"><div class=\"special-offer special-offer--style-2\" data-aos=\"zoom-in\" data-aos-duration=\"600\" data-aos-offset=\"70\"><h2 class=\"text text-center\"><span style=\"color: #ED1B24\">D\u00e9couvrez<\/span> <span style=\"color: #E9D009\">les <\/span> <span style=\"color: #8EC63F\">saveurs <\/span> <span style=\"color: #ED1B24\">riches <\/span> <span style=\"color: #E9D009\">et <\/span> <span style=\"color: #8EC63F\">distinctives<\/span> <span style=\"color: #ED1B24\">des <\/span> <span style=\"color: #E9D009\">fruits <\/span> <span style=\"color: #8EC63F\">europ\u00e9ens<\/span> <span style=\"color: #ED1B24\"> de<\/span> <span style=\"color: #E9D009\">premi\u00e8re <\/span> <span style=\"color: #8EC63F\">qualit\u00e9<\/span> <\/h2><\/div><\/div><\/div>[\/vc_column][\/vc_row][vc_row full_width=&#8221;container-null&#8221;][vc_column agro_disable_column=&#8221;yes&#8221;]<div class=\"section section--no-pb about--1 md-hide-bg item_69f2d064db0fc vc_custom_1730555451277\" data-res-css=\"              \"><div class=\"container\"><div class=\"section-heading\"><h2 class=\"__title\">EU Pepperland <span>\/Le Projet<\/span><\/h2><\/div><div class=\"row\"><div class=\"col-12 col-lg-6 col-xl-8\">EU Pepperland est une campagne de trois ans financ\u00e9e par l\u2019UE qui vise \u00e0 promouvoir les poivrons europ\u00e9ens de premi\u00e8re qualit\u00e9 en Allemagne et en France.<\/p>\n<p>L\u2019initiative EU Pepperland vise \u00e0 informer les consommateurs fran\u00e7ais et allemands des bienfaits d\u2019une consommation quotidienne de l\u00e9gumes frais, tout en s\u2019attaquant aux faibles taux de consommation et en promouvant des habitudes alimentaires plus saines. En mettant l\u2019accent sur la qualit\u00e9 sup\u00e9rieure et la s\u00e9curit\u00e9 des l\u00e9gumes europ\u00e9ens, en particulier des poivrons, cette campagne vise \u00e0 accro\u00eetre la sensibilisation et la demande des consommateurs tout en soutenant les objectifs de durabilit\u00e9 du secteur agricole de l\u2019UE. Gr\u00e2ce aux activit\u00e9s strat\u00e9giques de promotion et d\u2019information, EU Pepperland permet aux consommateurs de faire des choix alimentaires \u00e9clair\u00e9s et durables ainsi que de contribuer \u00e0 la durabilit\u00e9 \u00e9conomique et environnementale de l\u2019agriculture europ\u00e9enne.<\/p>\n<p>Gr\u00e2ce \u00e0 une vari\u00e9t\u00e9 d\u2019activit\u00e9s cibl\u00e9es, notamment des avanc\u00e9es technologiques, des documents imprim\u00e9s, la participation \u00e0 des salons professionnels et des \u00e9v\u00e9nements m\u00e9diatiques, EU Pepperland cherche \u00e0 renforcer l\u2019int\u00e9r\u00eat et la pr\u00e9f\u00e9rence des consommateurs pour les poivrons europ\u00e9ens sur des march\u00e9s cl\u00e9s en Europe.<\/p>\n<p>Restez \u00e0 l\u2019\u00e9coute des mises \u00e0 jour sur la fa\u00e7on dont EU Pepperland pr\u00e9voit d\u2019enrichir votre exp\u00e9rience culinaire gr\u00e2ce aux des poivrons europ\u00e9ens color\u00e9s et savoureux\u00a0!<\/div><\/div><\/div><\/div>[vc_empty_space height=&#8221;5vw&#8221;][\/vc_column][\/vc_row][vc_row full_width=&#8221;stretch_row_content_no_spaces&#8221;][vc_column][vc_single_image image=&#8221;2156&#8243; img_size=&#8221;full&#8221; css=&#8221;&#8221;][\/vc_column][\/vc_row]\n<\/div>","protected":false},"excerpt":{"rendered":"<p>[vc_row full_width=&#8221;container-null&#8221; el_class=&#8221;fl-ju-end&#8221;][vc_column agro_disable_column=&#8221;yes&#8221; offset=&#8221;vc_col-lg-12 vc_col-md-12 vc_col-xs-12&#8243;][\/vc_column][\/vc_row][vc_row full_width=&#8221;container-null&#8221; css=&#8221;.vc_custom_1728727457496{padding-top: 50px !important;padding-bottom: 50px !important;}&#8221;][vc_column agro_disable_column=&#8221;yes&#8221; css=&#8221;.vc_custom_1728727814321{padding-top: 0px !important;padding-bottom: 0px !important;}&#8221;][\/vc_column][\/vc_row][vc_row full_width=&#8221;container-null&#8221;][vc_column agro_disable_column=&#8221;yes&#8221;][vc_empty_space height=&#8221;5vw&#8221;][\/vc_column][\/vc_row][vc_row full_width=&#8221;stretch_row_content_no_spaces&#8221;][vc_column][vc_single_image image=&#8221;2156&#8243; img_size=&#8221;full&#8221; css=&#8221;&#8221;][\/vc_column][\/vc_row]<\/p>\n","protected":false},"author":1,"featured_media":0,"parent":0,"menu_order":0,"comment_status":"closed","ping_status":"closed","template":"custom-page.php","meta":{"footnotes":""},"class_list":["post-1811","page","type-page","status-publish","hentry"," nt-post-class"],"_links":{"self":[{"href":"https:\/\/eupepperland.eu\/fr\/wp-json\/wp\/v2\/pages\/1811","targetHints":{"allow":["GET"]}}],"collection":[{"href":"https:\/\/eupepperland.eu\/fr\/wp-json\/wp\/v2\/pages"}],"about":[{"href":"https:\/\/eupepperland.eu\/fr\/wp-json\/wp\/v2\/types\/page"}],"author":[{"embeddable":true,"href":"https:\/\/eupepperland.eu\/fr\/wp-json\/wp\/v2\/users\/1"}],"replies":[{"embeddable":true,"href":"https:\/\/eupepperland.eu\/fr\/wp-json\/wp\/v2\/comments?post=1811"}],"version-history":[{"count":3,"href":"https:\/\/eupepperland.eu\/fr\/wp-json\/wp\/v2\/pages\/1811\/revisions"}],"predecessor-version":[{"id":1814,"href":"https:\/\/eupepperland.eu\/fr\/wp-json\/wp\/v2\/pages\/1811\/revisions\/1814"}],"wp:attachment":[{"href":"https:\/\/eupepperland.eu\/fr\/wp-json\/wp\/v2\/media?parent=1811"}],"curies":[{"name":"wp","href":"https:\/\/api.w.org\/{rel}","templated":true}]}}